{"id":48,"date":"1970-01-01T00:00:00","date_gmt":"1970-01-01T00:00:00","guid":{"rendered":"http:\/\/sanjorgelibreria.com\/?post_type=product&#038;p=48"},"modified":"2026-01-26T16:10:28","modified_gmt":"2026-01-26T16:10:28","slug":"acuarel-acrilico-x-60-cc-azul-prof-490","status":"publish","type":"product","link":"https:\/\/sanjorgelibreria.com\/index.php\/producto\/acuarel-acrilico-x-60-cc-azul-prof-490\/","title":{"rendered":"ACUAREL ACRILICO X 60 CC AZUL PROF-490"},"content":{"rendered":"<p>Pintura de alta viscosidad, alto poder cubritivo y gran resistencia a la luz. De f\u00e1cil aplicaci\u00f3n, secado r\u00e1pido y acabado sedoso.<\/p>\n","protected":false},"excerpt":{"rendered":"<p>Pintura de alta viscosidad, alto poder cubritivo y gran resistencia a la luz. De f\u00e1cil aplicaci\u00f3n, secado r\u00e1pido y acabado sedoso.<\/p>\n","protected":false},"featured_media":9709,"template":"","meta":[],"product_brand":[],"product_cat":[24,17,23],"product_tag":[],"berocket_brand":[502],"class_list":{"0":"post-48","1":"product","2":"type-product","3":"status-publish","4":"has-post-thumbnail","6":"product_cat-acrilicos","7":"product_cat-artistica","8":"product_cat-pinturas","9":"berocket_brand-acuarel","11":"first","12":"instock","13":"shipping-taxable","14":"purchasable","15":"product-type-simple"},"aioseo_notices":[],"jetpack_sharing_enabled":true,"_links":{"self":[{"href":"https:\/\/sanjorgelibreria.com\/index.php\/wp-json\/wp\/v2\/product\/48","targetHints":{"allow":["GET"]}}],"collection":[{"href":"https:\/\/sanjorgelibreria.com\/index.php\/wp-json\/wp\/v2\/product"}],"about":[{"href":"https:\/\/sanjorgelibreria.com\/index.php\/wp-json\/wp\/v2\/types\/product"}],"version-history":[{"count":1,"href":"https:\/\/sanjorgelibreria.com\/index.php\/wp-json\/wp\/v2\/product\/48\/revisions"}],"predecessor-version":[{"id":9742,"href":"https:\/\/sanjorgelibreria.com\/index.php\/wp-json\/wp\/v2\/product\/48\/revisions\/9742"}],"wp:featuredmedia":[{"embeddable":true,"href":"https:\/\/sanjorgelibreria.com\/index.php\/wp-json\/wp\/v2\/media\/9709"}],"wp:attachment":[{"href":"https:\/\/sanjorgelibreria.com\/index.php\/wp-json\/wp\/v2\/media?parent=48"}],"wp:term":[{"taxonomy":"product_brand","embeddable":true,"href":"https:\/\/sanjorgelibreria.com\/index.php\/wp-json\/wp\/v2\/product_brand?post=48"},{"taxonomy":"product_cat","embeddable":true,"href":"https:\/\/sanjorgelibreria.com\/index.php\/wp-json\/wp\/v2\/product_cat?post=48"},{"taxonomy":"product_tag","embeddable":true,"href":"https:\/\/sanjorgelibreria.com\/index.php\/wp-json\/wp\/v2\/product_tag?post=48"},{"taxonomy":"berocket_brand","embeddable":true,"href":"https:\/\/sanjorgelibreria.com\/index.php\/wp-json\/wp\/v2\/berocket_brand?post=48"}],"curies":[{"name":"wp","href":"https:\/\/api.w.org\/{rel}","templated":true}]}}