{"id":15849,"date":"2025-11-13T21:05:45","date_gmt":"2025-11-13T21:05:45","guid":{"rendered":"https:\/\/sanjorgelibreria.com\/?post_type=product&#038;p=15849"},"modified":"2026-01-26T16:16:44","modified_gmt":"2026-01-26T16:16:44","slug":"block-artistico-pizzini-universitario-emblocado-180-gs-x-30-hojas-a3-pbunix30b","status":"publish","type":"product","link":"https:\/\/sanjorgelibreria.com\/index.php\/producto\/block-artistico-pizzini-universitario-emblocado-180-gs-x-30-hojas-a3-pbunix30b\/","title":{"rendered":"BLOCK ARTISTICO PIZZINI UNIVERSITARIO EMBLOCADO 180 GS. x 30 HOJAS. A3 . pbunix30B"},"content":{"rendered":"<p>El <strong data-start=\"103\" data-end=\"153\">Block Universitario Pizzini A4 180 g x30 hojas<\/strong> es perfecto para estudiantes, artistas y dise\u00f1adores que buscan un papel resistente y vers\u00e1til. Ideal para t\u00e9cnicas secas y proyectos de maqueter\u00eda, ofrece la superficie adecuada para trabajar con precisi\u00f3n y comodidad.<\/p>\n","protected":false},"excerpt":{"rendered":"<p>El Block Universitario Pizzini A4 180 g x30 hojas es perfecto para estudiantes, artistas y dise\u00f1adores que buscan un papel resistente y vers\u00e1til. Ideal para t\u00e9cnicas secas y proyectos de maqueter\u00eda, ofrece la superficie adecuada para trabajar con precisi\u00f3n y comodidad.<\/p>\n","protected":false},"featured_media":15850,"template":"","meta":[],"product_brand":[],"product_cat":[17,55],"product_tag":[],"berocket_brand":[520],"class_list":{"0":"post-15849","1":"product","2":"type-product","3":"status-publish","4":"has-post-thumbnail","6":"product_cat-artistica","7":"product_cat-blocks-artisticos","8":"berocket_brand-pizzini","10":"first","11":"instock","12":"shipping-taxable","13":"purchasable","14":"product-type-simple"},"aioseo_notices":[],"jetpack_sharing_enabled":true,"_links":{"self":[{"href":"https:\/\/sanjorgelibreria.com\/index.php\/wp-json\/wp\/v2\/product\/15849","targetHints":{"allow":["GET"]}}],"collection":[{"href":"https:\/\/sanjorgelibreria.com\/index.php\/wp-json\/wp\/v2\/product"}],"about":[{"href":"https:\/\/sanjorgelibreria.com\/index.php\/wp-json\/wp\/v2\/types\/product"}],"version-history":[{"count":1,"href":"https:\/\/sanjorgelibreria.com\/index.php\/wp-json\/wp\/v2\/product\/15849\/revisions"}],"predecessor-version":[{"id":15851,"href":"https:\/\/sanjorgelibreria.com\/index.php\/wp-json\/wp\/v2\/product\/15849\/revisions\/15851"}],"wp:featuredmedia":[{"embeddable":true,"href":"https:\/\/sanjorgelibreria.com\/index.php\/wp-json\/wp\/v2\/media\/15850"}],"wp:attachment":[{"href":"https:\/\/sanjorgelibreria.com\/index.php\/wp-json\/wp\/v2\/media?parent=15849"}],"wp:term":[{"taxonomy":"product_brand","embeddable":true,"href":"https:\/\/sanjorgelibreria.com\/index.php\/wp-json\/wp\/v2\/product_brand?post=15849"},{"taxonomy":"product_cat","embeddable":true,"href":"https:\/\/sanjorgelibreria.com\/index.php\/wp-json\/wp\/v2\/product_cat?post=15849"},{"taxonomy":"product_tag","embeddable":true,"href":"https:\/\/sanjorgelibreria.com\/index.php\/wp-json\/wp\/v2\/product_tag?post=15849"},{"taxonomy":"berocket_brand","embeddable":true,"href":"https:\/\/sanjorgelibreria.com\/index.php\/wp-json\/wp\/v2\/berocket_brand?post=15849"}],"curies":[{"name":"wp","href":"https:\/\/api.w.org\/{rel}","templated":true}]}}