{"id":15836,"date":"2025-11-13T20:30:30","date_gmt":"2025-11-13T20:30:30","guid":{"rendered":"https:\/\/sanjorgelibreria.com\/?post_type=product&#038;p=15836"},"modified":"2026-01-26T16:16:44","modified_gmt":"2026-01-26T16:16:44","slug":"block-artistico-pizzini-emblocado-150-gs-x-30-hojas-35x50-pbdisx30c","status":"publish","type":"product","link":"https:\/\/sanjorgelibreria.com\/index.php\/producto\/block-artistico-pizzini-emblocado-150-gs-x-30-hojas-35x50-pbdisx30c\/","title":{"rendered":"BLOCK ARTISTICO PIZZINI DISENO EMBLOCADO 150 GS. x 30 HOJAS. 35&#215;50 . pbdisx30c"},"content":{"rendered":"<p>Papel resistente, polivalente, ideado para dibujo t\u00e9cnico e ilustraci\u00f3n. Recomendado tanto para t\u00e9cnicas secas como para marcadores al agua y leve acuarelado<\/p>\n","protected":false},"excerpt":{"rendered":"<p>Papel resistente, polivalente, ideado para dibujo t\u00e9cnico e ilustraci\u00f3n. Recomendado tanto para t\u00e9cnicas secas como para marcadores al agua y leve acuarelado<\/p>\n","protected":false},"featured_media":15837,"template":"","meta":[],"product_brand":[],"product_cat":[17,55],"product_tag":[],"berocket_brand":[520],"class_list":{"0":"post-15836","1":"product","2":"type-product","3":"status-publish","4":"has-post-thumbnail","6":"product_cat-artistica","7":"product_cat-blocks-artisticos","8":"berocket_brand-pizzini","10":"first","11":"instock","12":"shipping-taxable","13":"purchasable","14":"product-type-simple"},"aioseo_notices":[],"jetpack_sharing_enabled":true,"_links":{"self":[{"href":"https:\/\/sanjorgelibreria.com\/index.php\/wp-json\/wp\/v2\/product\/15836","targetHints":{"allow":["GET"]}}],"collection":[{"href":"https:\/\/sanjorgelibreria.com\/index.php\/wp-json\/wp\/v2\/product"}],"about":[{"href":"https:\/\/sanjorgelibreria.com\/index.php\/wp-json\/wp\/v2\/types\/product"}],"version-history":[{"count":2,"href":"https:\/\/sanjorgelibreria.com\/index.php\/wp-json\/wp\/v2\/product\/15836\/revisions"}],"predecessor-version":[{"id":15842,"href":"https:\/\/sanjorgelibreria.com\/index.php\/wp-json\/wp\/v2\/product\/15836\/revisions\/15842"}],"wp:featuredmedia":[{"embeddable":true,"href":"https:\/\/sanjorgelibreria.com\/index.php\/wp-json\/wp\/v2\/media\/15837"}],"wp:attachment":[{"href":"https:\/\/sanjorgelibreria.com\/index.php\/wp-json\/wp\/v2\/media?parent=15836"}],"wp:term":[{"taxonomy":"product_brand","embeddable":true,"href":"https:\/\/sanjorgelibreria.com\/index.php\/wp-json\/wp\/v2\/product_brand?post=15836"},{"taxonomy":"product_cat","embeddable":true,"href":"https:\/\/sanjorgelibreria.com\/index.php\/wp-json\/wp\/v2\/product_cat?post=15836"},{"taxonomy":"product_tag","embeddable":true,"href":"https:\/\/sanjorgelibreria.com\/index.php\/wp-json\/wp\/v2\/product_tag?post=15836"},{"taxonomy":"berocket_brand","embeddable":true,"href":"https:\/\/sanjorgelibreria.com\/index.php\/wp-json\/wp\/v2\/berocket_brand?post=15836"}],"curies":[{"name":"wp","href":"https:\/\/api.w.org\/{rel}","templated":true}]}}