{"id":127,"date":"1970-01-01T00:00:00","date_gmt":"1970-01-01T00:00:00","guid":{"rendered":"http:\/\/sanjorgelibreria.com\/?post_type=product&#038;p=127"},"modified":"2026-01-26T16:10:40","modified_gmt":"2026-01-26T16:10:40","slug":"acuarel-acrilico-x-60-cc-metalizado-oro-perlado-10","status":"publish","type":"product","link":"https:\/\/sanjorgelibreria.com\/index.php\/producto\/acuarel-acrilico-x-60-cc-metalizado-oro-perlado-10\/","title":{"rendered":"ACUAREL ACRILICO X 60 CC METALIZADO ORO PERLADO-10"},"content":{"rendered":"<p>Pintura de alta viscosidad, alto poder cubritivo y gran resistencia a la luz. De f\u00e1cil aplicaci\u00f3n, secado r\u00e1pido y acabado sedoso. <\/p>\n","protected":false},"excerpt":{"rendered":"<p>Pintura de alta viscosidad, alto poder cubritivo y gran resistencia a la luz. De f\u00e1cil aplicaci\u00f3n, secado r\u00e1pido y acabado sedoso.<\/p>\n","protected":false},"featured_media":5227,"template":"","meta":[],"product_brand":[],"product_cat":[24,17,23],"product_tag":[],"berocket_brand":[502],"class_list":{"0":"post-127","1":"product","2":"type-product","3":"status-publish","4":"has-post-thumbnail","6":"product_cat-acrilicos","7":"product_cat-artistica","8":"product_cat-pinturas","9":"berocket_brand-acuarel","11":"first","12":"instock","13":"shipping-taxable","14":"purchasable","15":"product-type-simple"},"aioseo_notices":[],"jetpack_sharing_enabled":true,"_links":{"self":[{"href":"https:\/\/sanjorgelibreria.com\/index.php\/wp-json\/wp\/v2\/product\/127","targetHints":{"allow":["GET"]}}],"collection":[{"href":"https:\/\/sanjorgelibreria.com\/index.php\/wp-json\/wp\/v2\/product"}],"about":[{"href":"https:\/\/sanjorgelibreria.com\/index.php\/wp-json\/wp\/v2\/types\/product"}],"version-history":[{"count":1,"href":"https:\/\/sanjorgelibreria.com\/index.php\/wp-json\/wp\/v2\/product\/127\/revisions"}],"predecessor-version":[{"id":11306,"href":"https:\/\/sanjorgelibreria.com\/index.php\/wp-json\/wp\/v2\/product\/127\/revisions\/11306"}],"wp:featuredmedia":[{"embeddable":true,"href":"https:\/\/sanjorgelibreria.com\/index.php\/wp-json\/wp\/v2\/media\/5227"}],"wp:attachment":[{"href":"https:\/\/sanjorgelibreria.com\/index.php\/wp-json\/wp\/v2\/media?parent=127"}],"wp:term":[{"taxonomy":"product_brand","embeddable":true,"href":"https:\/\/sanjorgelibreria.com\/index.php\/wp-json\/wp\/v2\/product_brand?post=127"},{"taxonomy":"product_cat","embeddable":true,"href":"https:\/\/sanjorgelibreria.com\/index.php\/wp-json\/wp\/v2\/product_cat?post=127"},{"taxonomy":"product_tag","embeddable":true,"href":"https:\/\/sanjorgelibreria.com\/index.php\/wp-json\/wp\/v2\/product_tag?post=127"},{"taxonomy":"berocket_brand","embeddable":true,"href":"https:\/\/sanjorgelibreria.com\/index.php\/wp-json\/wp\/v2\/berocket_brand?post=127"}],"curies":[{"name":"wp","href":"https:\/\/api.w.org\/{rel}","templated":true}]}}