{"id":110,"date":"1970-01-01T00:00:00","date_gmt":"1970-01-01T00:00:00","guid":{"rendered":"http:\/\/sanjorgelibreria.com\/?post_type=product&#038;p=110"},"modified":"2026-01-26T16:10:37","modified_gmt":"2026-01-26T16:10:37","slug":"acuarel-acrilico-x-60-cc-turquesa-profun-170","status":"publish","type":"product","link":"https:\/\/sanjorgelibreria.com\/index.php\/producto\/acuarel-acrilico-x-60-cc-turquesa-profun-170\/","title":{"rendered":"ACUAREL ACRILICO X 60 CC TURQUESA PROFUN-170"},"content":{"rendered":"<p>Pintura de alta viscosidad, alto poder cubritivo y gran resistencia a la luz. De f\u00e1cil aplicaci\u00f3n, secado r\u00e1pido y acabado sedoso.<\/p>\n","protected":false},"excerpt":{"rendered":"<p>Pintura de alta viscosidad, alto poder cubritivo y gran resistencia a la luz. De f\u00e1cil aplicaci\u00f3n, secado r\u00e1pido y acabado sedoso.<\/p>\n","protected":false},"featured_media":9709,"template":"","meta":[],"product_brand":[],"product_cat":[24,17,23],"product_tag":[],"berocket_brand":[502],"class_list":{"0":"post-110","1":"product","2":"type-product","3":"status-publish","4":"has-post-thumbnail","6":"product_cat-acrilicos","7":"product_cat-artistica","8":"product_cat-pinturas","9":"berocket_brand-acuarel","11":"first","12":"instock","13":"shipping-taxable","14":"purchasable","15":"product-type-simple"},"aioseo_notices":[],"jetpack_sharing_enabled":true,"_links":{"self":[{"href":"https:\/\/sanjorgelibreria.com\/index.php\/wp-json\/wp\/v2\/product\/110","targetHints":{"allow":["GET"]}}],"collection":[{"href":"https:\/\/sanjorgelibreria.com\/index.php\/wp-json\/wp\/v2\/product"}],"about":[{"href":"https:\/\/sanjorgelibreria.com\/index.php\/wp-json\/wp\/v2\/types\/product"}],"version-history":[{"count":1,"href":"https:\/\/sanjorgelibreria.com\/index.php\/wp-json\/wp\/v2\/product\/110\/revisions"}],"predecessor-version":[{"id":9809,"href":"https:\/\/sanjorgelibreria.com\/index.php\/wp-json\/wp\/v2\/product\/110\/revisions\/9809"}],"wp:featuredmedia":[{"embeddable":true,"href":"https:\/\/sanjorgelibreria.com\/index.php\/wp-json\/wp\/v2\/media\/9709"}],"wp:attachment":[{"href":"https:\/\/sanjorgelibreria.com\/index.php\/wp-json\/wp\/v2\/media?parent=110"}],"wp:term":[{"taxonomy":"product_brand","embeddable":true,"href":"https:\/\/sanjorgelibreria.com\/index.php\/wp-json\/wp\/v2\/product_brand?post=110"},{"taxonomy":"product_cat","embeddable":true,"href":"https:\/\/sanjorgelibreria.com\/index.php\/wp-json\/wp\/v2\/product_cat?post=110"},{"taxonomy":"product_tag","embeddable":true,"href":"https:\/\/sanjorgelibreria.com\/index.php\/wp-json\/wp\/v2\/product_tag?post=110"},{"taxonomy":"berocket_brand","embeddable":true,"href":"https:\/\/sanjorgelibreria.com\/index.php\/wp-json\/wp\/v2\/berocket_brand?post=110"}],"curies":[{"name":"wp","href":"https:\/\/api.w.org\/{rel}","templated":true}]}}